{"id":765,"date":"2016-10-05T08:48:24","date_gmt":"2016-10-05T06:48:24","guid":{"rendered":"http:\/\/www.villa-halcyon-caboverde.com\/accueil\/"},"modified":"2016-12-20T17:25:48","modified_gmt":"2016-12-20T16:25:48","slug":"home","status":"publish","type":"page","link":"https:\/\/www.villa-halcyon-caboverde.com\/en\/","title":{"rendered":"Home"},"content":{"rendered":"<p><img loading=\"lazy\" decoding=\"async\" class=\"alignright wp-image-140\" src=\"http:\/\/www.villa-halcyon-caboverde.com\/wp-content\/uploads\/2016\/10\/oiseau-292x300.jpg\" alt=\"oiseau\" width=\"178\" height=\"161\" \/>\u00ab Halcyon \u00bb is the scientific name of this charming small bird who became the emblem of the villa! A couple took up residence around, we can see them in the morning bathing in the swimming pool or in the evening to hunt the locust.<\/p>\n<p>Its name in english is \u00abGreyheaded Kingfisher\u00bb, in portuguese \u00abPassarinha\u00bb<\/p>\n<p><span style=\"color: #ff0000;\"><strong><img loading=\"lazy\" decoding=\"async\" class=\"alignleft wp-image-725\" src=\"http:\/\/www.villa-halcyon-caboverde.com\/wp-content\/uploads\/2016\/10\/380px-Cabo_Verde_regions_map-Copie-300x261.png\" alt=\"380px-cabo_verde_regions_map-copie\" width=\"234\" height=\"204\" srcset=\"https:\/\/www.villa-halcyon-caboverde.com\/wp-content\/uploads\/2016\/10\/380px-Cabo_Verde_regions_map-Copie-300x261.png 300w, https:\/\/www.villa-halcyon-caboverde.com\/wp-content\/uploads\/2016\/10\/380px-Cabo_Verde_regions_map-Copie.png 380w\" sizes=\"auto, (max-width: 234px) 100vw, 234px\" \/>Villa Halcyon is situated on the island of Santiago.<\/strong><\/span><br \/>\nCape verde, independent\u00a0 African country in the Atlantic Ocean, is an archipelago of 10 islands( one country,\u00a0 ten destinations) ! Santiago is the largest and most populated of it (290,000h on the 530,000h for the country).<\/p>\n<p>The\u00a0capital city\u00a0of\u00a0Santiago\u00a0and\u00a0\u00a0Cape verde\u00a0is Praia\u00a0(150,000\u00a0hab)\u00a0where is located\u00a0the\u00a0international airport \u00a0from which leave\u00a0each\u00a0day\u00a02\u00a0flights\u00a0for\u00a0Europe\u00a0(mainly Lisbon).<br \/>\nThe\u00a0official language\u00a0is\u00a0\u00a0Portuguese,\u00a0the spoken language\u00a0is\u00a0Creole.<\/p>\n<p><img loading=\"lazy\" decoding=\"async\" class=\"wp-image-143 alignright\" src=\"http:\/\/www.villa-halcyon-caboverde.com\/wp-content\/uploads\/2016\/10\/paulino-jacqueline-300x257.jpg\" alt=\"paulino-jacqueline\" width=\"192\" height=\"178\" \/>Villa Halcyon is situated in the town of &#8220;Ribeira Grande&#8221; which was the capital city of the country until 1754!\u00a0\u00a0\u00a0\u00a0\u00a0 \u00a0Today \u00a0Ribeira Grande is more communely called &#8220;Cidade Velha&#8221; (Former city) and is registered on the world heritage of Unesco since 2009 as the oldest african city\u00a0!<\/p>\n<p>Villa Halcyon is on the ocean at 15 minutes walk of the center of Cidade Velha.<\/p>\n<p><img loading=\"lazy\" decoding=\"async\" class=\"wp-image-146 alignleft\" src=\"http:\/\/www.villa-halcyon-caboverde.com\/wp-content\/uploads\/2016\/10\/enfants-300x220.jpg\" alt=\"enfants\" width=\"195\" height=\"162\" \/>Jacqueline and Paulino look for the villa and for you.<br \/>\nThey live close by, speak your language, and have 3 \u00a0cute boys.<br \/>\nIt is not possible to rent without taking advantage of their service.<\/p>\n<p>Villa Halcyon is at 20 minutes by car of the international airport of Praia.<br \/>\nInform by e-mail your flight of arrival and Paulino will pick you up.<\/p>\n","protected":false},"excerpt":{"rendered":"<p>\u00ab Halcyon \u00bb is the scientific name of this charming small bird who became the emblem of the villa! A couple took up residence around, we can see them in the morning bathing in the swimming pool or in the evening to hunt the locust. Its name in english is \u00abGreyheaded Kingfisher\u00bb, in portuguese \u00abPassarinha\u00bb &hellip; <a href=\"https:\/\/www.villa-halcyon-caboverde.com\/en\/\" class=\"more-link\">Continue reading<span class=\"screen-reader-text\"> &#8220;Home&#8221;<\/span><\/a><\/p>\n","protected":false},"author":2,"featured_media":0,"parent":0,"menu_order":1,"comment_status":"closed","ping_status":"closed","template":"page-templates\/accueil.php","meta":{"_acf_changed":false,"footnotes":""},"class_list":["post-765","page","type-page","status-publish","hentry"],"acf":[],"yoast_head":"<!-- This site is optimized with the Yoast SEO plugin v27.6 - https:\/\/yoast.com\/product\/yoast-seo-wordpress\/ -->\n<title>Villa Halcyon - Maison de vacances sur l&#039;\u00eele de Santiago - Cap Vert<\/title>\n<meta name=\"description\" content=\"La Villa Halcyon est une magnifique maison de vacances situ\u00e9e sur l&#039;\u00eele de Santiago au Cap Vert. La villa est entour\u00e9e d\u2019une grande terrasse, d\u2019un petit jardin et d\u2019une piscine ext\u00e9rieure\" \/>\n<meta name=\"robots\" content=\"index, follow, max-snippet:-1, max-image-preview:large, max-video-preview:-1\" \/>\n<link rel=\"canonical\" href=\"https:\/\/www.villa-halcyon-caboverde.com\/en\/\" \/>\n<meta property=\"og:locale\" content=\"en_US\" \/>\n<meta property=\"og:type\" content=\"article\" \/>\n<meta property=\"og:title\" content=\"Villa Halcyon - Maison de vacances sur l&#039;\u00eele de Santiago - Cap Vert\" \/>\n<meta property=\"og:description\" content=\"La Villa Halcyon est une magnifique maison de vacances situ\u00e9e sur l&#039;\u00eele de Santiago au Cap Vert. La villa est entour\u00e9e d\u2019une grande terrasse, d\u2019un petit jardin et d\u2019une piscine ext\u00e9rieure\" \/>\n<meta property=\"og:url\" content=\"https:\/\/www.villa-halcyon-caboverde.com\/en\/\" \/>\n<meta property=\"og:site_name\" content=\"Villa Halcyon\" \/>\n<meta property=\"article:modified_time\" content=\"2016-12-20T16:25:48+00:00\" \/>\n<meta property=\"og:image\" content=\"http:\/\/p6671.phpnet.org\/villa-halcyon.com\/wp-content\/uploads\/2016\/10\/oiseau-292x300.jpg\" \/>\n<meta name=\"twitter:card\" content=\"summary_large_image\" \/>\n<meta name=\"twitter:label1\" content=\"Est. reading time\" \/>\n\t<meta name=\"twitter:data1\" content=\"1 minute\" \/>\n<script type=\"application\/ld+json\" class=\"yoast-schema-graph\">{\"@context\":\"https:\\\/\\\/schema.org\",\"@graph\":[{\"@type\":\"WebPage\",\"@id\":\"https:\\\/\\\/www.villa-halcyon-caboverde.com\\\/en\\\/\",\"url\":\"https:\\\/\\\/www.villa-halcyon-caboverde.com\\\/en\\\/\",\"name\":\"Villa Halcyon - Maison de vacances sur l'\u00eele de Santiago - Cap Vert\",\"isPartOf\":{\"@id\":\"https:\\\/\\\/www.villa-halcyon-caboverde.com\\\/#website\"},\"primaryImageOfPage\":{\"@id\":\"https:\\\/\\\/www.villa-halcyon-caboverde.com\\\/en\\\/#primaryimage\"},\"image\":{\"@id\":\"https:\\\/\\\/www.villa-halcyon-caboverde.com\\\/en\\\/#primaryimage\"},\"thumbnailUrl\":\"http:\\\/\\\/www.villa-halcyon-caboverde.com\\\/wp-content\\\/uploads\\\/2016\\\/10\\\/oiseau-292x300.jpg\",\"datePublished\":\"2016-10-05T06:48:24+00:00\",\"dateModified\":\"2016-12-20T16:25:48+00:00\",\"description\":\"La Villa Halcyon est une magnifique maison de vacances situ\u00e9e sur l'\u00eele de Santiago au Cap Vert. La villa est entour\u00e9e d\u2019une grande terrasse, d\u2019un petit jardin et d\u2019une piscine ext\u00e9rieure\",\"breadcrumb\":{\"@id\":\"https:\\\/\\\/www.villa-halcyon-caboverde.com\\\/en\\\/#breadcrumb\"},\"inLanguage\":\"en-US\",\"potentialAction\":[{\"@type\":\"ReadAction\",\"target\":[\"https:\\\/\\\/www.villa-halcyon-caboverde.com\\\/en\\\/\"]}]},{\"@type\":\"ImageObject\",\"inLanguage\":\"en-US\",\"@id\":\"https:\\\/\\\/www.villa-halcyon-caboverde.com\\\/en\\\/#primaryimage\",\"url\":\"http:\\\/\\\/www.villa-halcyon-caboverde.com\\\/wp-content\\\/uploads\\\/2016\\\/10\\\/oiseau-292x300.jpg\",\"contentUrl\":\"http:\\\/\\\/www.villa-halcyon-caboverde.com\\\/wp-content\\\/uploads\\\/2016\\\/10\\\/oiseau-292x300.jpg\"},{\"@type\":\"BreadcrumbList\",\"@id\":\"https:\\\/\\\/www.villa-halcyon-caboverde.com\\\/en\\\/#breadcrumb\",\"itemListElement\":[{\"@type\":\"ListItem\",\"position\":1,\"name\":\"Accueil\",\"item\":\"https:\\\/\\\/www.villa-halcyon-caboverde.com\\\/en\\\/\"},{\"@type\":\"ListItem\",\"position\":2,\"name\":\"Home\"}]},{\"@type\":\"WebSite\",\"@id\":\"https:\\\/\\\/www.villa-halcyon-caboverde.com\\\/#website\",\"url\":\"https:\\\/\\\/www.villa-halcyon-caboverde.com\\\/\",\"name\":\"Villa Halcyon\",\"description\":\"\",\"potentialAction\":[{\"@type\":\"SearchAction\",\"target\":{\"@type\":\"EntryPoint\",\"urlTemplate\":\"https:\\\/\\\/www.villa-halcyon-caboverde.com\\\/?s={search_term_string}\"},\"query-input\":{\"@type\":\"PropertyValueSpecification\",\"valueRequired\":true,\"valueName\":\"search_term_string\"}}],\"inLanguage\":\"en-US\"}]}<\/script>\n<!-- \/ Yoast SEO plugin. -->","yoast_head_json":{"title":"Villa Halcyon - Maison de vacances sur l'\u00eele de Santiago - Cap Vert","description":"La Villa Halcyon est une magnifique maison de vacances situ\u00e9e sur l'\u00eele de Santiago au Cap Vert. La villa est entour\u00e9e d\u2019une grande terrasse, d\u2019un petit jardin et d\u2019une piscine ext\u00e9rieure","robots":{"index":"index","follow":"follow","max-snippet":"max-snippet:-1","max-image-preview":"max-image-preview:large","max-video-preview":"max-video-preview:-1"},"canonical":"https:\/\/www.villa-halcyon-caboverde.com\/en\/","og_locale":"en_US","og_type":"article","og_title":"Villa Halcyon - Maison de vacances sur l'\u00eele de Santiago - Cap Vert","og_description":"La Villa Halcyon est une magnifique maison de vacances situ\u00e9e sur l'\u00eele de Santiago au Cap Vert. La villa est entour\u00e9e d\u2019une grande terrasse, d\u2019un petit jardin et d\u2019une piscine ext\u00e9rieure","og_url":"https:\/\/www.villa-halcyon-caboverde.com\/en\/","og_site_name":"Villa Halcyon","article_modified_time":"2016-12-20T16:25:48+00:00","og_image":[{"url":"http:\/\/p6671.phpnet.org\/villa-halcyon.com\/wp-content\/uploads\/2016\/10\/oiseau-292x300.jpg","type":"","width":"","height":""}],"twitter_card":"summary_large_image","twitter_misc":{"Est. reading time":"1 minute"},"schema":{"@context":"https:\/\/schema.org","@graph":[{"@type":"WebPage","@id":"https:\/\/www.villa-halcyon-caboverde.com\/en\/","url":"https:\/\/www.villa-halcyon-caboverde.com\/en\/","name":"Villa Halcyon - Maison de vacances sur l'\u00eele de Santiago - Cap Vert","isPartOf":{"@id":"https:\/\/www.villa-halcyon-caboverde.com\/#website"},"primaryImageOfPage":{"@id":"https:\/\/www.villa-halcyon-caboverde.com\/en\/#primaryimage"},"image":{"@id":"https:\/\/www.villa-halcyon-caboverde.com\/en\/#primaryimage"},"thumbnailUrl":"http:\/\/www.villa-halcyon-caboverde.com\/wp-content\/uploads\/2016\/10\/oiseau-292x300.jpg","datePublished":"2016-10-05T06:48:24+00:00","dateModified":"2016-12-20T16:25:48+00:00","description":"La Villa Halcyon est une magnifique maison de vacances situ\u00e9e sur l'\u00eele de Santiago au Cap Vert. La villa est entour\u00e9e d\u2019une grande terrasse, d\u2019un petit jardin et d\u2019une piscine ext\u00e9rieure","breadcrumb":{"@id":"https:\/\/www.villa-halcyon-caboverde.com\/en\/#breadcrumb"},"inLanguage":"en-US","potentialAction":[{"@type":"ReadAction","target":["https:\/\/www.villa-halcyon-caboverde.com\/en\/"]}]},{"@type":"ImageObject","inLanguage":"en-US","@id":"https:\/\/www.villa-halcyon-caboverde.com\/en\/#primaryimage","url":"http:\/\/www.villa-halcyon-caboverde.com\/wp-content\/uploads\/2016\/10\/oiseau-292x300.jpg","contentUrl":"http:\/\/www.villa-halcyon-caboverde.com\/wp-content\/uploads\/2016\/10\/oiseau-292x300.jpg"},{"@type":"BreadcrumbList","@id":"https:\/\/www.villa-halcyon-caboverde.com\/en\/#breadcrumb","itemListElement":[{"@type":"ListItem","position":1,"name":"Accueil","item":"https:\/\/www.villa-halcyon-caboverde.com\/en\/"},{"@type":"ListItem","position":2,"name":"Home"}]},{"@type":"WebSite","@id":"https:\/\/www.villa-halcyon-caboverde.com\/#website","url":"https:\/\/www.villa-halcyon-caboverde.com\/","name":"Villa Halcyon","description":"","potentialAction":[{"@type":"SearchAction","target":{"@type":"EntryPoint","urlTemplate":"https:\/\/www.villa-halcyon-caboverde.com\/?s={search_term_string}"},"query-input":{"@type":"PropertyValueSpecification","valueRequired":true,"valueName":"search_term_string"}}],"inLanguage":"en-US"}]}},"_links":{"self":[{"href":"https:\/\/www.villa-halcyon-caboverde.com\/en\/wp-json\/wp\/v2\/pages\/765","targetHints":{"allow":["GET"]}}],"collection":[{"href":"https:\/\/www.villa-halcyon-caboverde.com\/en\/wp-json\/wp\/v2\/pages"}],"about":[{"href":"https:\/\/www.villa-halcyon-caboverde.com\/en\/wp-json\/wp\/v2\/types\/page"}],"author":[{"embeddable":true,"href":"https:\/\/www.villa-halcyon-caboverde.com\/en\/wp-json\/wp\/v2\/users\/2"}],"replies":[{"embeddable":true,"href":"https:\/\/www.villa-halcyon-caboverde.com\/en\/wp-json\/wp\/v2\/comments?post=765"}],"version-history":[{"count":4,"href":"https:\/\/www.villa-halcyon-caboverde.com\/en\/wp-json\/wp\/v2\/pages\/765\/revisions"}],"predecessor-version":[{"id":1381,"href":"https:\/\/www.villa-halcyon-caboverde.com\/en\/wp-json\/wp\/v2\/pages\/765\/revisions\/1381"}],"wp:attachment":[{"href":"https:\/\/www.villa-halcyon-caboverde.com\/en\/wp-json\/wp\/v2\/media?parent=765"}],"curies":[{"name":"wp","href":"https:\/\/api.w.org\/{rel}","templated":true}]}}