{"id":767,"date":"2016-10-05T08:48:09","date_gmt":"2016-10-05T06:48:09","guid":{"rendered":"http:\/\/www.villa-halcyon-caboverde.com\/visite-des-lieux\/"},"modified":"2018-09-26T22:14:46","modified_gmt":"2018-09-26T20:14:46","slug":"home-visit","status":"publish","type":"page","link":"https:\/\/www.villa-halcyon-caboverde.com\/en\/home-visit\/","title":{"rendered":"Home visit"},"content":{"rendered":"<h3>OUTSIDE<\/h3>\n<p>Our villa is build on a cliff and the precipices are weekly protected, the swimming pool also is not fenced! \u00a0 \u00a0 \u00a0 This is why we do not want to rent it when children under 12 are present unless the parents declare they take their responsability and , in case of accident, will not accuse us !!<\/p>\n<p>The villa is surrounded with a big terrace, \u00a0a small garden and with an outside swimming pool<br \/>\nThis swimming pool is in overflowing and of the overflowing side there is a cliff of 30m!<br \/>\nIt is thus forbidden to walk on this side of the swimming pool.<br \/>\nIf you desire there is a madmen guard that can be put on this side what decreases the view towards the sea,\u00a0\u00a0\u00a0\u00a0 \u00a0if you want that this one is put, prevent Paulino upon your arrival!!<br \/>\nWe disclaim all liability in the event of an accident<br \/>\nThere is a shower of cold water on the terrace, use before entering and by going out of the swimming pool.<\/p>\n<p>A bathroom with shower hot and cold water and WC is in the back!<\/p>\n<p>There is also a staircase allowing to go down to the pebble beach \u00a0which is at the bottom of the swimming pool.<\/p>\n<p>Swimming in the sea is fun but on your own responsability, pay attention on sea urchins!<\/p>\n<h3>INSIDE:<\/h3>\n<p>The villa consists of a living room lounge dining room and open-plan kitchen.<\/p>\n<p>A television 33 chains is available.<\/p>\n<p>The kitchen possesses all the necessary modern equipment for up to 12 people.<br \/>\nThere are also 2 refrigerators among which one contains only paying drinks, beers, soft, certain alcohols, ice cubes! The price list of drinks is near this refrigerator. The payment of these will be made at the end of the stay.<br \/>\nA drinking water fountain is available free of charge<\/p>\n<p>The villa Halcyon has 4 bedrooms, each having a shower-room en suite!<\/p>\n<p>&nbsp;<\/p>\n<p>3 rooms are on the ground floor:<br \/>\nOne has a 140 cm double bed<br \/>\nOne has a 160 cm double bed<br \/>\nOne has 90 cm twin beds<\/p>\n<p>1 big room on the 1th\u00a0 floor has 90 cm\u00a0 twin beds and 4 mattresses on the ground<\/p>\n<p>All the sleeping rooms\u00a0 are equipped with an air-conditioning, living room has no A\/C !<br \/>\nAll the rooms are equipped with mosquito nets and fan !<br \/>\nThe shower-rooms are equipped with washbasin +douche + toilet + bidet and warm water<\/p>\n<p><span style=\"color: #ff0000;\"><strong>Internet WIFI is accessible everywhere<\/strong><\/span><\/p>\n","protected":false},"excerpt":{"rendered":"<p>OUTSIDE Our villa is build on a cliff and the precipices are weekly protected, the swimming pool also is not fenced! \u00a0 \u00a0 \u00a0 This is why we do not want to rent it when children under 12 are present unless the parents declare they take their responsability and , in case of accident, will &hellip; <a href=\"https:\/\/www.villa-halcyon-caboverde.com\/en\/home-visit\/\" class=\"more-link\">Continue reading<span class=\"screen-reader-text\"> &#8220;Home visit&#8221;<\/span><\/a><\/p>\n","protected":false},"author":2,"featured_media":857,"parent":0,"menu_order":2,"comment_status":"closed","ping_status":"closed","template":"page-templates\/visite.php","meta":{"_acf_changed":false,"footnotes":""},"class_list":["post-767","page","type-page","status-publish","has-post-thumbnail","hentry"],"acf":[],"yoast_head":"<!-- This site is optimized with the Yoast SEO plugin v27.6 - https:\/\/yoast.com\/product\/yoast-seo-wordpress\/ -->\n<title>Villa Halcyon - Maison de vacances sur l&#039;\u00eele de Santiago - Cap Vert<\/title>\n<meta name=\"description\" content=\"La Villa Halcyon est une magnifique maison de vacances situ\u00e9e sur l&#039;\u00eele de Santiago au Cap Vert. La villa est entour\u00e9e d\u2019une grande terrasse, d\u2019un petit jardin et d\u2019une piscine ext\u00e9rieure\" \/>\n<meta name=\"robots\" content=\"index, follow, max-snippet:-1, max-image-preview:large, max-video-preview:-1\" \/>\n<link rel=\"canonical\" href=\"https:\/\/www.villa-halcyon-caboverde.com\/en\/home-visit\/\" \/>\n<meta property=\"og:locale\" content=\"en_US\" \/>\n<meta property=\"og:type\" content=\"article\" \/>\n<meta property=\"og:title\" content=\"Villa Halcyon - Maison de vacances sur l&#039;\u00eele de Santiago - Cap Vert\" \/>\n<meta property=\"og:description\" content=\"La Villa Halcyon est une magnifique maison de vacances situ\u00e9e sur l&#039;\u00eele de Santiago au Cap Vert. La villa est entour\u00e9e d\u2019une grande terrasse, d\u2019un petit jardin et d\u2019une piscine ext\u00e9rieure\" \/>\n<meta property=\"og:url\" content=\"https:\/\/www.villa-halcyon-caboverde.com\/en\/home-visit\/\" \/>\n<meta property=\"og:site_name\" content=\"Villa Halcyon\" \/>\n<meta property=\"article:modified_time\" content=\"2018-09-26T20:14:46+00:00\" \/>\n<meta property=\"og:image\" content=\"https:\/\/www.villa-halcyon-caboverde.com\/wp-content\/uploads\/2016\/10\/banners-visite-des-lieux-1.jpg\" \/>\n\t<meta property=\"og:image:width\" content=\"1920\" \/>\n\t<meta property=\"og:image:height\" content=\"597\" \/>\n\t<meta property=\"og:image:type\" content=\"image\/jpeg\" \/>\n<meta name=\"twitter:card\" content=\"summary_large_image\" \/>\n<meta name=\"twitter:label1\" content=\"Est. reading time\" \/>\n\t<meta name=\"twitter:data1\" content=\"2 minutes\" \/>\n<script type=\"application\/ld+json\" class=\"yoast-schema-graph\">{\"@context\":\"https:\\\/\\\/schema.org\",\"@graph\":[{\"@type\":\"WebPage\",\"@id\":\"https:\\\/\\\/www.villa-halcyon-caboverde.com\\\/en\\\/home-visit\\\/\",\"url\":\"https:\\\/\\\/www.villa-halcyon-caboverde.com\\\/en\\\/home-visit\\\/\",\"name\":\"Villa Halcyon - Maison de vacances sur l'\u00eele de Santiago - Cap Vert\",\"isPartOf\":{\"@id\":\"https:\\\/\\\/www.villa-halcyon-caboverde.com\\\/#website\"},\"primaryImageOfPage\":{\"@id\":\"https:\\\/\\\/www.villa-halcyon-caboverde.com\\\/en\\\/home-visit\\\/#primaryimage\"},\"image\":{\"@id\":\"https:\\\/\\\/www.villa-halcyon-caboverde.com\\\/en\\\/home-visit\\\/#primaryimage\"},\"thumbnailUrl\":\"https:\\\/\\\/www.villa-halcyon-caboverde.com\\\/wp-content\\\/uploads\\\/2016\\\/10\\\/banners-visite-des-lieux-1.jpg\",\"datePublished\":\"2016-10-05T06:48:09+00:00\",\"dateModified\":\"2018-09-26T20:14:46+00:00\",\"description\":\"La Villa Halcyon est une magnifique maison de vacances situ\u00e9e sur l'\u00eele de Santiago au Cap Vert. La villa est entour\u00e9e d\u2019une grande terrasse, d\u2019un petit jardin et d\u2019une piscine ext\u00e9rieure\",\"breadcrumb\":{\"@id\":\"https:\\\/\\\/www.villa-halcyon-caboverde.com\\\/en\\\/home-visit\\\/#breadcrumb\"},\"inLanguage\":\"en-US\",\"potentialAction\":[{\"@type\":\"ReadAction\",\"target\":[\"https:\\\/\\\/www.villa-halcyon-caboverde.com\\\/en\\\/home-visit\\\/\"]}]},{\"@type\":\"ImageObject\",\"inLanguage\":\"en-US\",\"@id\":\"https:\\\/\\\/www.villa-halcyon-caboverde.com\\\/en\\\/home-visit\\\/#primaryimage\",\"url\":\"https:\\\/\\\/www.villa-halcyon-caboverde.com\\\/wp-content\\\/uploads\\\/2016\\\/10\\\/banners-visite-des-lieux-1.jpg\",\"contentUrl\":\"https:\\\/\\\/www.villa-halcyon-caboverde.com\\\/wp-content\\\/uploads\\\/2016\\\/10\\\/banners-visite-des-lieux-1.jpg\",\"width\":1920,\"height\":597},{\"@type\":\"BreadcrumbList\",\"@id\":\"https:\\\/\\\/www.villa-halcyon-caboverde.com\\\/en\\\/home-visit\\\/#breadcrumb\",\"itemListElement\":[{\"@type\":\"ListItem\",\"position\":1,\"name\":\"Accueil\",\"item\":\"https:\\\/\\\/www.villa-halcyon-caboverde.com\\\/en\\\/\"},{\"@type\":\"ListItem\",\"position\":2,\"name\":\"Home visit\"}]},{\"@type\":\"WebSite\",\"@id\":\"https:\\\/\\\/www.villa-halcyon-caboverde.com\\\/#website\",\"url\":\"https:\\\/\\\/www.villa-halcyon-caboverde.com\\\/\",\"name\":\"Villa Halcyon\",\"description\":\"\",\"potentialAction\":[{\"@type\":\"SearchAction\",\"target\":{\"@type\":\"EntryPoint\",\"urlTemplate\":\"https:\\\/\\\/www.villa-halcyon-caboverde.com\\\/?s={search_term_string}\"},\"query-input\":{\"@type\":\"PropertyValueSpecification\",\"valueRequired\":true,\"valueName\":\"search_term_string\"}}],\"inLanguage\":\"en-US\"}]}<\/script>\n<!-- \/ Yoast SEO plugin. -->","yoast_head_json":{"title":"Villa Halcyon - Maison de vacances sur l'\u00eele de Santiago - Cap Vert","description":"La Villa Halcyon est une magnifique maison de vacances situ\u00e9e sur l'\u00eele de Santiago au Cap Vert. La villa est entour\u00e9e d\u2019une grande terrasse, d\u2019un petit jardin et d\u2019une piscine ext\u00e9rieure","robots":{"index":"index","follow":"follow","max-snippet":"max-snippet:-1","max-image-preview":"max-image-preview:large","max-video-preview":"max-video-preview:-1"},"canonical":"https:\/\/www.villa-halcyon-caboverde.com\/en\/home-visit\/","og_locale":"en_US","og_type":"article","og_title":"Villa Halcyon - Maison de vacances sur l'\u00eele de Santiago - Cap Vert","og_description":"La Villa Halcyon est une magnifique maison de vacances situ\u00e9e sur l'\u00eele de Santiago au Cap Vert. La villa est entour\u00e9e d\u2019une grande terrasse, d\u2019un petit jardin et d\u2019une piscine ext\u00e9rieure","og_url":"https:\/\/www.villa-halcyon-caboverde.com\/en\/home-visit\/","og_site_name":"Villa Halcyon","article_modified_time":"2018-09-26T20:14:46+00:00","og_image":[{"width":1920,"height":597,"url":"https:\/\/www.villa-halcyon-caboverde.com\/wp-content\/uploads\/2016\/10\/banners-visite-des-lieux-1.jpg","type":"image\/jpeg"}],"twitter_card":"summary_large_image","twitter_misc":{"Est. reading time":"2 minutes"},"schema":{"@context":"https:\/\/schema.org","@graph":[{"@type":"WebPage","@id":"https:\/\/www.villa-halcyon-caboverde.com\/en\/home-visit\/","url":"https:\/\/www.villa-halcyon-caboverde.com\/en\/home-visit\/","name":"Villa Halcyon - Maison de vacances sur l'\u00eele de Santiago - Cap Vert","isPartOf":{"@id":"https:\/\/www.villa-halcyon-caboverde.com\/#website"},"primaryImageOfPage":{"@id":"https:\/\/www.villa-halcyon-caboverde.com\/en\/home-visit\/#primaryimage"},"image":{"@id":"https:\/\/www.villa-halcyon-caboverde.com\/en\/home-visit\/#primaryimage"},"thumbnailUrl":"https:\/\/www.villa-halcyon-caboverde.com\/wp-content\/uploads\/2016\/10\/banners-visite-des-lieux-1.jpg","datePublished":"2016-10-05T06:48:09+00:00","dateModified":"2018-09-26T20:14:46+00:00","description":"La Villa Halcyon est une magnifique maison de vacances situ\u00e9e sur l'\u00eele de Santiago au Cap Vert. La villa est entour\u00e9e d\u2019une grande terrasse, d\u2019un petit jardin et d\u2019une piscine ext\u00e9rieure","breadcrumb":{"@id":"https:\/\/www.villa-halcyon-caboverde.com\/en\/home-visit\/#breadcrumb"},"inLanguage":"en-US","potentialAction":[{"@type":"ReadAction","target":["https:\/\/www.villa-halcyon-caboverde.com\/en\/home-visit\/"]}]},{"@type":"ImageObject","inLanguage":"en-US","@id":"https:\/\/www.villa-halcyon-caboverde.com\/en\/home-visit\/#primaryimage","url":"https:\/\/www.villa-halcyon-caboverde.com\/wp-content\/uploads\/2016\/10\/banners-visite-des-lieux-1.jpg","contentUrl":"https:\/\/www.villa-halcyon-caboverde.com\/wp-content\/uploads\/2016\/10\/banners-visite-des-lieux-1.jpg","width":1920,"height":597},{"@type":"BreadcrumbList","@id":"https:\/\/www.villa-halcyon-caboverde.com\/en\/home-visit\/#breadcrumb","itemListElement":[{"@type":"ListItem","position":1,"name":"Accueil","item":"https:\/\/www.villa-halcyon-caboverde.com\/en\/"},{"@type":"ListItem","position":2,"name":"Home visit"}]},{"@type":"WebSite","@id":"https:\/\/www.villa-halcyon-caboverde.com\/#website","url":"https:\/\/www.villa-halcyon-caboverde.com\/","name":"Villa Halcyon","description":"","potentialAction":[{"@type":"SearchAction","target":{"@type":"EntryPoint","urlTemplate":"https:\/\/www.villa-halcyon-caboverde.com\/?s={search_term_string}"},"query-input":{"@type":"PropertyValueSpecification","valueRequired":true,"valueName":"search_term_string"}}],"inLanguage":"en-US"}]}},"_links":{"self":[{"href":"https:\/\/www.villa-halcyon-caboverde.com\/en\/wp-json\/wp\/v2\/pages\/767","targetHints":{"allow":["GET"]}}],"collection":[{"href":"https:\/\/www.villa-halcyon-caboverde.com\/en\/wp-json\/wp\/v2\/pages"}],"about":[{"href":"https:\/\/www.villa-halcyon-caboverde.com\/en\/wp-json\/wp\/v2\/types\/page"}],"author":[{"embeddable":true,"href":"https:\/\/www.villa-halcyon-caboverde.com\/en\/wp-json\/wp\/v2\/users\/2"}],"replies":[{"embeddable":true,"href":"https:\/\/www.villa-halcyon-caboverde.com\/en\/wp-json\/wp\/v2\/comments?post=767"}],"version-history":[{"count":9,"href":"https:\/\/www.villa-halcyon-caboverde.com\/en\/wp-json\/wp\/v2\/pages\/767\/revisions"}],"predecessor-version":[{"id":1475,"href":"https:\/\/www.villa-halcyon-caboverde.com\/en\/wp-json\/wp\/v2\/pages\/767\/revisions\/1475"}],"wp:featuredmedia":[{"embeddable":true,"href":"https:\/\/www.villa-halcyon-caboverde.com\/en\/wp-json\/wp\/v2\/media\/857"}],"wp:attachment":[{"href":"https:\/\/www.villa-halcyon-caboverde.com\/en\/wp-json\/wp\/v2\/media?parent=767"}],"curies":[{"name":"wp","href":"https:\/\/api.w.org\/{rel}","templated":true}]}}