{"id":769,"date":"2016-11-02T14:11:10","date_gmt":"2016-11-02T13:11:10","guid":{"rendered":"http:\/\/www.villa-halcyon-caboverde.com\/comment-y-acceder\/"},"modified":"2017-07-05T15:22:41","modified_gmt":"2017-07-05T13:22:41","slug":"access","status":"publish","type":"page","link":"https:\/\/www.villa-halcyon-caboverde.com\/en\/access\/","title":{"rendered":"Access"},"content":{"rendered":"<h3>How to arrive?<\/h3>\n<p><strong>TAP<\/strong>, the Portuguese airline company, flies every day 1-2 times from Lisbon to Praia, 4:30h \u00a0flight.<br \/>\nTAP joins almost all the European big cities.<br \/>\n<strong>Reservations<\/strong> on <a href=\"http:\/\/www.flytap.com\">www.flytap.com<\/a><\/p>\n<p><strong>TACV<\/strong>, airline company of the Cape Verde, flies 1 time a week from Paris and Amsterdam towards Praia, 6:30h of flight.<br \/>\n<strong>Reservations<\/strong> on <a href=\"http:\/\/www.flytacv.com\">www.flytacv.com<\/a><\/p>\n<p><strong>RAM<\/strong>, Moroccan airline company, flies 4 times a week from Casablanca to Praia, 4 hours of flight.<br \/>\nRAM joins almost all the European big cities.<br \/>\n<strong>Reservations<\/strong> on <a href=\"http:\/\/www.royalairmaroc.com\">www.royalairmaroc.com<\/a><\/p>\n<p>Several &#8220;low-cost&#8221; companies (TUI, Transavia, Easyjet, Neosair, Thomsonfly \u2026) fly to islands Sal\u00a0 and Boa Vista in \u00a0Cape Verde! \u00a0From there it is necessary to join Praia by the TACV, it is\u00a0 generally not cheaper and the connections with \u00a0TACV are chaotic (TACV is never \u00a0on time)<\/p>\n<p>On arrival at the airport of Praia it will be necessary to buy your entrance visa valid for one month! Therefore one has to queue up in the line &#8220;VISA&#8221;, the first counter to the left, the process is very slow! The cost is 25\u20ac a person to pay in cash!!<\/p>\n<p>&nbsp;<\/p>\n<h3>How to move on the Santiago Island?<\/h3>\n<p>There are 3 methods<\/p>\n<p><strong>1\/<\/strong>There are minibuses called \u00a0&#8220;Hiace&#8221; who circulate throughout \u00a0the island, they go almost everywhere for few money! They however have no schedule and leave their place of origin only when \u00a0they are almost full! It is necessary to arrange with the driver for the price and the destination!<\/p>\n<p><strong>2\/<\/strong>Paulino is a taxi driver and can take you everywhere in its taxi or in one 4\u00d74 at his disposal at the Villa! A whole day with a car 4 seats with Paulino costs 80 \u20ac.<br \/>\n<strong>3\/<\/strong>A car rental is possible! For a &#8220;negotiated&#8221; price, ask Paulino!<\/p>\n<p>There is a detailed map of the island at disposal during the stay or to buy (20\u20ac) from the villa.<\/p>\n<h3>How to move between islands<\/h3>\n<p><strong>By plane<\/strong>, \u00a0TACV and BINTER fly between islands, for schedules and price consult <a href=\"http:\/\/www.flytacv.com\">www.flytacv.com<\/a> or <a href=\"http:\/\/www.binter.cv\">www.binter.cv<\/a><\/p>\n<p><strong>By boat<\/strong>, there are connections by boat between \u00a0Santiago Island and Fogo, Brava and S\u00e3o Nicolau!<br \/>\nFor schedules and price, ask Paulino! It changes all the time!<\/p>\n<p>There is a detailed map of \u00a0Cape Verde and\u00a0 of certain islands at disposal during the stay in the Villa<\/p>\n","protected":false},"excerpt":{"rendered":"<p>How to arrive? TAP, the Portuguese airline company, flies every day 1-2 times from Lisbon to Praia, 4:30h \u00a0flight. TAP joins almost all the European big cities. Reservations on www.flytap.com TACV, airline company of the Cape Verde, flies 1 time a week from Paris and Amsterdam towards Praia, 6:30h of flight. Reservations on www.flytacv.com RAM, &hellip; <a href=\"https:\/\/www.villa-halcyon-caboverde.com\/en\/access\/\" class=\"more-link\">Continue reading<span class=\"screen-reader-text\"> &#8220;Access&#8221;<\/span><\/a><\/p>\n","protected":false},"author":2,"featured_media":0,"parent":0,"menu_order":3,"comment_status":"closed","ping_status":"closed","template":"","meta":{"_acf_changed":false,"footnotes":""},"class_list":["post-769","page","type-page","status-publish","hentry"],"acf":[],"yoast_head":"<!-- This site is optimized with the Yoast SEO plugin v27.6 - https:\/\/yoast.com\/product\/yoast-seo-wordpress\/ -->\n<title>Villa Halcyon - Maison de vacances sur l&#039;\u00eele de Santiago - Cap Vert<\/title>\n<meta name=\"description\" content=\"La Villa Halcyon est une magnifique maison de vacances situ\u00e9e sur l&#039;\u00eele de Santiago au Cap Vert. La villa est entour\u00e9e d\u2019une grande terrasse, d\u2019un petit jardin et d\u2019une piscine ext\u00e9rieure\" \/>\n<meta name=\"robots\" content=\"index, follow, max-snippet:-1, max-image-preview:large, max-video-preview:-1\" \/>\n<link rel=\"canonical\" href=\"https:\/\/www.villa-halcyon-caboverde.com\/en\/access\/\" \/>\n<meta property=\"og:locale\" content=\"en_US\" \/>\n<meta property=\"og:type\" content=\"article\" \/>\n<meta property=\"og:title\" content=\"Villa Halcyon - Maison de vacances sur l&#039;\u00eele de Santiago - Cap Vert\" \/>\n<meta property=\"og:description\" content=\"La Villa Halcyon est une magnifique maison de vacances situ\u00e9e sur l&#039;\u00eele de Santiago au Cap Vert. La villa est entour\u00e9e d\u2019une grande terrasse, d\u2019un petit jardin et d\u2019une piscine ext\u00e9rieure\" \/>\n<meta property=\"og:url\" content=\"https:\/\/www.villa-halcyon-caboverde.com\/en\/access\/\" \/>\n<meta property=\"og:site_name\" content=\"Villa Halcyon\" \/>\n<meta property=\"article:modified_time\" content=\"2017-07-05T13:22:41+00:00\" \/>\n<meta name=\"twitter:card\" content=\"summary_large_image\" \/>\n<meta name=\"twitter:label1\" content=\"Est. reading time\" \/>\n\t<meta name=\"twitter:data1\" content=\"2 minutes\" \/>\n<script type=\"application\/ld+json\" class=\"yoast-schema-graph\">{\"@context\":\"https:\\\/\\\/schema.org\",\"@graph\":[{\"@type\":\"WebPage\",\"@id\":\"https:\\\/\\\/www.villa-halcyon-caboverde.com\\\/en\\\/access\\\/\",\"url\":\"https:\\\/\\\/www.villa-halcyon-caboverde.com\\\/en\\\/access\\\/\",\"name\":\"Villa Halcyon - Maison de vacances sur l'\u00eele de Santiago - Cap Vert\",\"isPartOf\":{\"@id\":\"https:\\\/\\\/www.villa-halcyon-caboverde.com\\\/#website\"},\"datePublished\":\"2016-11-02T13:11:10+00:00\",\"dateModified\":\"2017-07-05T13:22:41+00:00\",\"description\":\"La Villa Halcyon est une magnifique maison de vacances situ\u00e9e sur l'\u00eele de Santiago au Cap Vert. La villa est entour\u00e9e d\u2019une grande terrasse, d\u2019un petit jardin et d\u2019une piscine ext\u00e9rieure\",\"breadcrumb\":{\"@id\":\"https:\\\/\\\/www.villa-halcyon-caboverde.com\\\/en\\\/access\\\/#breadcrumb\"},\"inLanguage\":\"en-US\",\"potentialAction\":[{\"@type\":\"ReadAction\",\"target\":[\"https:\\\/\\\/www.villa-halcyon-caboverde.com\\\/en\\\/access\\\/\"]}]},{\"@type\":\"BreadcrumbList\",\"@id\":\"https:\\\/\\\/www.villa-halcyon-caboverde.com\\\/en\\\/access\\\/#breadcrumb\",\"itemListElement\":[{\"@type\":\"ListItem\",\"position\":1,\"name\":\"Accueil\",\"item\":\"https:\\\/\\\/www.villa-halcyon-caboverde.com\\\/en\\\/\"},{\"@type\":\"ListItem\",\"position\":2,\"name\":\"Access\"}]},{\"@type\":\"WebSite\",\"@id\":\"https:\\\/\\\/www.villa-halcyon-caboverde.com\\\/#website\",\"url\":\"https:\\\/\\\/www.villa-halcyon-caboverde.com\\\/\",\"name\":\"Villa Halcyon\",\"description\":\"\",\"potentialAction\":[{\"@type\":\"SearchAction\",\"target\":{\"@type\":\"EntryPoint\",\"urlTemplate\":\"https:\\\/\\\/www.villa-halcyon-caboverde.com\\\/?s={search_term_string}\"},\"query-input\":{\"@type\":\"PropertyValueSpecification\",\"valueRequired\":true,\"valueName\":\"search_term_string\"}}],\"inLanguage\":\"en-US\"}]}<\/script>\n<!-- \/ Yoast SEO plugin. -->","yoast_head_json":{"title":"Villa Halcyon - Maison de vacances sur l'\u00eele de Santiago - Cap Vert","description":"La Villa Halcyon est une magnifique maison de vacances situ\u00e9e sur l'\u00eele de Santiago au Cap Vert. La villa est entour\u00e9e d\u2019une grande terrasse, d\u2019un petit jardin et d\u2019une piscine ext\u00e9rieure","robots":{"index":"index","follow":"follow","max-snippet":"max-snippet:-1","max-image-preview":"max-image-preview:large","max-video-preview":"max-video-preview:-1"},"canonical":"https:\/\/www.villa-halcyon-caboverde.com\/en\/access\/","og_locale":"en_US","og_type":"article","og_title":"Villa Halcyon - Maison de vacances sur l'\u00eele de Santiago - Cap Vert","og_description":"La Villa Halcyon est une magnifique maison de vacances situ\u00e9e sur l'\u00eele de Santiago au Cap Vert. La villa est entour\u00e9e d\u2019une grande terrasse, d\u2019un petit jardin et d\u2019une piscine ext\u00e9rieure","og_url":"https:\/\/www.villa-halcyon-caboverde.com\/en\/access\/","og_site_name":"Villa Halcyon","article_modified_time":"2017-07-05T13:22:41+00:00","twitter_card":"summary_large_image","twitter_misc":{"Est. reading time":"2 minutes"},"schema":{"@context":"https:\/\/schema.org","@graph":[{"@type":"WebPage","@id":"https:\/\/www.villa-halcyon-caboverde.com\/en\/access\/","url":"https:\/\/www.villa-halcyon-caboverde.com\/en\/access\/","name":"Villa Halcyon - Maison de vacances sur l'\u00eele de Santiago - Cap Vert","isPartOf":{"@id":"https:\/\/www.villa-halcyon-caboverde.com\/#website"},"datePublished":"2016-11-02T13:11:10+00:00","dateModified":"2017-07-05T13:22:41+00:00","description":"La Villa Halcyon est une magnifique maison de vacances situ\u00e9e sur l'\u00eele de Santiago au Cap Vert. La villa est entour\u00e9e d\u2019une grande terrasse, d\u2019un petit jardin et d\u2019une piscine ext\u00e9rieure","breadcrumb":{"@id":"https:\/\/www.villa-halcyon-caboverde.com\/en\/access\/#breadcrumb"},"inLanguage":"en-US","potentialAction":[{"@type":"ReadAction","target":["https:\/\/www.villa-halcyon-caboverde.com\/en\/access\/"]}]},{"@type":"BreadcrumbList","@id":"https:\/\/www.villa-halcyon-caboverde.com\/en\/access\/#breadcrumb","itemListElement":[{"@type":"ListItem","position":1,"name":"Accueil","item":"https:\/\/www.villa-halcyon-caboverde.com\/en\/"},{"@type":"ListItem","position":2,"name":"Access"}]},{"@type":"WebSite","@id":"https:\/\/www.villa-halcyon-caboverde.com\/#website","url":"https:\/\/www.villa-halcyon-caboverde.com\/","name":"Villa Halcyon","description":"","potentialAction":[{"@type":"SearchAction","target":{"@type":"EntryPoint","urlTemplate":"https:\/\/www.villa-halcyon-caboverde.com\/?s={search_term_string}"},"query-input":{"@type":"PropertyValueSpecification","valueRequired":true,"valueName":"search_term_string"}}],"inLanguage":"en-US"}]}},"_links":{"self":[{"href":"https:\/\/www.villa-halcyon-caboverde.com\/en\/wp-json\/wp\/v2\/pages\/769","targetHints":{"allow":["GET"]}}],"collection":[{"href":"https:\/\/www.villa-halcyon-caboverde.com\/en\/wp-json\/wp\/v2\/pages"}],"about":[{"href":"https:\/\/www.villa-halcyon-caboverde.com\/en\/wp-json\/wp\/v2\/types\/page"}],"author":[{"embeddable":true,"href":"https:\/\/www.villa-halcyon-caboverde.com\/en\/wp-json\/wp\/v2\/users\/2"}],"replies":[{"embeddable":true,"href":"https:\/\/www.villa-halcyon-caboverde.com\/en\/wp-json\/wp\/v2\/comments?post=769"}],"version-history":[{"count":5,"href":"https:\/\/www.villa-halcyon-caboverde.com\/en\/wp-json\/wp\/v2\/pages\/769\/revisions"}],"predecessor-version":[{"id":803,"href":"https:\/\/www.villa-halcyon-caboverde.com\/en\/wp-json\/wp\/v2\/pages\/769\/revisions\/803"}],"wp:attachment":[{"href":"https:\/\/www.villa-halcyon-caboverde.com\/en\/wp-json\/wp\/v2\/media?parent=769"}],"curies":[{"name":"wp","href":"https:\/\/api.w.org\/{rel}","templated":true}]}}