{"id":774,"date":"2016-10-05T08:47:17","date_gmt":"2016-10-05T06:47:17","guid":{"rendered":"http:\/\/www.villa-halcyon-caboverde.com\/tarifs\/"},"modified":"2026-03-18T22:30:31","modified_gmt":"2026-03-18T21:30:31","slug":"rates","status":"publish","type":"page","link":"https:\/\/www.villa-halcyon-caboverde.com\/en\/rates\/","title":{"rendered":"Rates"},"content":{"rendered":"<p><strong>The rent has to be for a minimum of 3 nights.<\/strong><\/p>\n<p>The renting price for\u00a0 the villa is <strong>140\u20ac<\/strong> a day\u00a0 from 1th of may until october 30th\u00a0 \u00a0 and\u00a0 of <strong>160\u20ac<\/strong>\u00a0 a day from dec 1th to april 30th\u00a0 whatever the number of people (max 8 adults + 4 children from 12 to 16 years old). This price of renting for the complete stay will have to be paid at reservation on the account<\/p>\n<blockquote><p>Iban:BE37363402267528<br \/>\nBIC : BBRUBEBB<br \/>\nIn the name of &#8220;Villa Halcyon&#8221;<br \/>\nWith the mention \u00ab\u00a0 name+ renting dates\u00a0\u00bb<\/p><\/blockquote>\n<p><img loading=\"lazy\" decoding=\"async\" class=\" wp-image-120 alignright\" src=\"http:\/\/www.villa-halcyon-caboverde.com\/wp-content\/uploads\/2016\/10\/P1100042-720x540.jpg\" alt=\"p1100042\" width=\"411\" height=\"257\" \/><\/p>\n<p>A confirmation of reservation will be sent to you by e-mail upon receipt of this payment!<\/p>\n<p><strong>Jacqueline and Paulino (photo) look\u00a0after you and\u00a0after the villa during your stay.\u00a0\u00a0They assure daily cleaning service of the villa and prepare your breakfast!<\/strong><\/p>\n<p>It is not possible to rent the villa without their services!!<\/p>\n<p><strong>\u00a0\u00a0\u00a0\u00a0\u00a0\u00a0\u00a0\u00a0\u00a0\u00a0\u00a0\u00a0\u00a0\u00a0\u00a0\u00a0\u00a0\u00a0\u00a0\u00a0\u00a0\u00a0\u00a0\u00a0\u00a0\u00a0 <\/strong>For this you will have to pay them 14\u20ac or 1540 ecv per day and per person!<\/p>\n<p>They live close by and are at your service 24 hours!<\/p>\n<p>Jacqueline is expert cooker, she would be glad to prepare your meals\u00a0! For menus and prices you deal with her\u00a0!<\/p>\n","protected":false},"excerpt":{"rendered":"<p>The rent has to be for a minimum of 3 nights. The renting price for\u00a0 the villa is 140\u20ac a day\u00a0 from 1th of may until october 30th\u00a0 \u00a0 and\u00a0 of 160\u20ac\u00a0 a day from dec 1th to april 30th\u00a0 whatever the number of people (max 8 adults + 4 children from 12 to 16 &hellip; <a href=\"https:\/\/www.villa-halcyon-caboverde.com\/en\/rates\/\" class=\"more-link\">Continue reading<span class=\"screen-reader-text\"> &#8220;Rates&#8221;<\/span><\/a><\/p>\n","protected":false},"author":2,"featured_media":851,"parent":0,"menu_order":5,"comment_status":"closed","ping_status":"closed","template":"","meta":{"_acf_changed":false,"footnotes":""},"class_list":["post-774","page","type-page","status-publish","has-post-thumbnail","hentry"],"acf":[],"yoast_head":"<!-- This site is optimized with the Yoast SEO plugin v27.6 - https:\/\/yoast.com\/product\/yoast-seo-wordpress\/ -->\n<title>Villa Halcyon - Maison de vacances sur l&#039;\u00eele de Santiago - Cap Vert<\/title>\n<meta name=\"description\" content=\"La Villa Halcyon est une magnifique maison de vacances situ\u00e9e sur l&#039;\u00eele de Santiago au Cap Vert. La villa est entour\u00e9e d\u2019une grande terrasse, d\u2019un petit jardin et d\u2019une piscine ext\u00e9rieure\" \/>\n<meta name=\"robots\" content=\"index, follow, max-snippet:-1, max-image-preview:large, max-video-preview:-1\" \/>\n<link rel=\"canonical\" href=\"https:\/\/www.villa-halcyon-caboverde.com\/en\/rates\/\" \/>\n<meta property=\"og:locale\" content=\"en_US\" \/>\n<meta property=\"og:type\" content=\"article\" \/>\n<meta property=\"og:title\" content=\"Villa Halcyon - Maison de vacances sur l&#039;\u00eele de Santiago - Cap Vert\" \/>\n<meta property=\"og:description\" content=\"La Villa Halcyon est une magnifique maison de vacances situ\u00e9e sur l&#039;\u00eele de Santiago au Cap Vert. La villa est entour\u00e9e d\u2019une grande terrasse, d\u2019un petit jardin et d\u2019une piscine ext\u00e9rieure\" \/>\n<meta property=\"og:url\" content=\"https:\/\/www.villa-halcyon-caboverde.com\/en\/rates\/\" \/>\n<meta property=\"og:site_name\" content=\"Villa Halcyon\" \/>\n<meta property=\"article:modified_time\" content=\"2026-03-18T21:30:31+00:00\" \/>\n<meta property=\"og:image\" content=\"https:\/\/www.villa-halcyon-caboverde.com\/wp-content\/uploads\/2016\/10\/banners-tarifs-2-1.jpg\" \/>\n\t<meta property=\"og:image:width\" content=\"1920\" \/>\n\t<meta property=\"og:image:height\" content=\"597\" \/>\n\t<meta property=\"og:image:type\" content=\"image\/jpeg\" \/>\n<meta name=\"twitter:card\" content=\"summary_large_image\" \/>\n<meta name=\"twitter:label1\" content=\"Est. reading time\" \/>\n\t<meta name=\"twitter:data1\" content=\"2 minutes\" \/>\n<script type=\"application\/ld+json\" class=\"yoast-schema-graph\">{\"@context\":\"https:\\\/\\\/schema.org\",\"@graph\":[{\"@type\":\"WebPage\",\"@id\":\"https:\\\/\\\/www.villa-halcyon-caboverde.com\\\/en\\\/rates\\\/\",\"url\":\"https:\\\/\\\/www.villa-halcyon-caboverde.com\\\/en\\\/rates\\\/\",\"name\":\"Villa Halcyon - Maison de vacances sur l'\u00eele de Santiago - Cap Vert\",\"isPartOf\":{\"@id\":\"https:\\\/\\\/www.villa-halcyon-caboverde.com\\\/#website\"},\"primaryImageOfPage\":{\"@id\":\"https:\\\/\\\/www.villa-halcyon-caboverde.com\\\/en\\\/rates\\\/#primaryimage\"},\"image\":{\"@id\":\"https:\\\/\\\/www.villa-halcyon-caboverde.com\\\/en\\\/rates\\\/#primaryimage\"},\"thumbnailUrl\":\"https:\\\/\\\/www.villa-halcyon-caboverde.com\\\/wp-content\\\/uploads\\\/2016\\\/10\\\/banners-tarifs-2-1.jpg\",\"datePublished\":\"2016-10-05T06:47:17+00:00\",\"dateModified\":\"2026-03-18T21:30:31+00:00\",\"description\":\"La Villa Halcyon est une magnifique maison de vacances situ\u00e9e sur l'\u00eele de Santiago au Cap Vert. La villa est entour\u00e9e d\u2019une grande terrasse, d\u2019un petit jardin et d\u2019une piscine ext\u00e9rieure\",\"breadcrumb\":{\"@id\":\"https:\\\/\\\/www.villa-halcyon-caboverde.com\\\/en\\\/rates\\\/#breadcrumb\"},\"inLanguage\":\"en-US\",\"potentialAction\":[{\"@type\":\"ReadAction\",\"target\":[\"https:\\\/\\\/www.villa-halcyon-caboverde.com\\\/en\\\/rates\\\/\"]}]},{\"@type\":\"ImageObject\",\"inLanguage\":\"en-US\",\"@id\":\"https:\\\/\\\/www.villa-halcyon-caboverde.com\\\/en\\\/rates\\\/#primaryimage\",\"url\":\"https:\\\/\\\/www.villa-halcyon-caboverde.com\\\/wp-content\\\/uploads\\\/2016\\\/10\\\/banners-tarifs-2-1.jpg\",\"contentUrl\":\"https:\\\/\\\/www.villa-halcyon-caboverde.com\\\/wp-content\\\/uploads\\\/2016\\\/10\\\/banners-tarifs-2-1.jpg\",\"width\":1920,\"height\":597},{\"@type\":\"BreadcrumbList\",\"@id\":\"https:\\\/\\\/www.villa-halcyon-caboverde.com\\\/en\\\/rates\\\/#breadcrumb\",\"itemListElement\":[{\"@type\":\"ListItem\",\"position\":1,\"name\":\"Accueil\",\"item\":\"https:\\\/\\\/www.villa-halcyon-caboverde.com\\\/en\\\/\"},{\"@type\":\"ListItem\",\"position\":2,\"name\":\"Rates\"}]},{\"@type\":\"WebSite\",\"@id\":\"https:\\\/\\\/www.villa-halcyon-caboverde.com\\\/#website\",\"url\":\"https:\\\/\\\/www.villa-halcyon-caboverde.com\\\/\",\"name\":\"Villa Halcyon\",\"description\":\"\",\"potentialAction\":[{\"@type\":\"SearchAction\",\"target\":{\"@type\":\"EntryPoint\",\"urlTemplate\":\"https:\\\/\\\/www.villa-halcyon-caboverde.com\\\/?s={search_term_string}\"},\"query-input\":{\"@type\":\"PropertyValueSpecification\",\"valueRequired\":true,\"valueName\":\"search_term_string\"}}],\"inLanguage\":\"en-US\"}]}<\/script>\n<!-- \/ Yoast SEO plugin. -->","yoast_head_json":{"title":"Villa Halcyon - Maison de vacances sur l'\u00eele de Santiago - Cap Vert","description":"La Villa Halcyon est une magnifique maison de vacances situ\u00e9e sur l'\u00eele de Santiago au Cap Vert. La villa est entour\u00e9e d\u2019une grande terrasse, d\u2019un petit jardin et d\u2019une piscine ext\u00e9rieure","robots":{"index":"index","follow":"follow","max-snippet":"max-snippet:-1","max-image-preview":"max-image-preview:large","max-video-preview":"max-video-preview:-1"},"canonical":"https:\/\/www.villa-halcyon-caboverde.com\/en\/rates\/","og_locale":"en_US","og_type":"article","og_title":"Villa Halcyon - Maison de vacances sur l'\u00eele de Santiago - Cap Vert","og_description":"La Villa Halcyon est une magnifique maison de vacances situ\u00e9e sur l'\u00eele de Santiago au Cap Vert. La villa est entour\u00e9e d\u2019une grande terrasse, d\u2019un petit jardin et d\u2019une piscine ext\u00e9rieure","og_url":"https:\/\/www.villa-halcyon-caboverde.com\/en\/rates\/","og_site_name":"Villa Halcyon","article_modified_time":"2026-03-18T21:30:31+00:00","og_image":[{"width":1920,"height":597,"url":"https:\/\/www.villa-halcyon-caboverde.com\/wp-content\/uploads\/2016\/10\/banners-tarifs-2-1.jpg","type":"image\/jpeg"}],"twitter_card":"summary_large_image","twitter_misc":{"Est. reading time":"2 minutes"},"schema":{"@context":"https:\/\/schema.org","@graph":[{"@type":"WebPage","@id":"https:\/\/www.villa-halcyon-caboverde.com\/en\/rates\/","url":"https:\/\/www.villa-halcyon-caboverde.com\/en\/rates\/","name":"Villa Halcyon - Maison de vacances sur l'\u00eele de Santiago - Cap Vert","isPartOf":{"@id":"https:\/\/www.villa-halcyon-caboverde.com\/#website"},"primaryImageOfPage":{"@id":"https:\/\/www.villa-halcyon-caboverde.com\/en\/rates\/#primaryimage"},"image":{"@id":"https:\/\/www.villa-halcyon-caboverde.com\/en\/rates\/#primaryimage"},"thumbnailUrl":"https:\/\/www.villa-halcyon-caboverde.com\/wp-content\/uploads\/2016\/10\/banners-tarifs-2-1.jpg","datePublished":"2016-10-05T06:47:17+00:00","dateModified":"2026-03-18T21:30:31+00:00","description":"La Villa Halcyon est une magnifique maison de vacances situ\u00e9e sur l'\u00eele de Santiago au Cap Vert. La villa est entour\u00e9e d\u2019une grande terrasse, d\u2019un petit jardin et d\u2019une piscine ext\u00e9rieure","breadcrumb":{"@id":"https:\/\/www.villa-halcyon-caboverde.com\/en\/rates\/#breadcrumb"},"inLanguage":"en-US","potentialAction":[{"@type":"ReadAction","target":["https:\/\/www.villa-halcyon-caboverde.com\/en\/rates\/"]}]},{"@type":"ImageObject","inLanguage":"en-US","@id":"https:\/\/www.villa-halcyon-caboverde.com\/en\/rates\/#primaryimage","url":"https:\/\/www.villa-halcyon-caboverde.com\/wp-content\/uploads\/2016\/10\/banners-tarifs-2-1.jpg","contentUrl":"https:\/\/www.villa-halcyon-caboverde.com\/wp-content\/uploads\/2016\/10\/banners-tarifs-2-1.jpg","width":1920,"height":597},{"@type":"BreadcrumbList","@id":"https:\/\/www.villa-halcyon-caboverde.com\/en\/rates\/#breadcrumb","itemListElement":[{"@type":"ListItem","position":1,"name":"Accueil","item":"https:\/\/www.villa-halcyon-caboverde.com\/en\/"},{"@type":"ListItem","position":2,"name":"Rates"}]},{"@type":"WebSite","@id":"https:\/\/www.villa-halcyon-caboverde.com\/#website","url":"https:\/\/www.villa-halcyon-caboverde.com\/","name":"Villa Halcyon","description":"","potentialAction":[{"@type":"SearchAction","target":{"@type":"EntryPoint","urlTemplate":"https:\/\/www.villa-halcyon-caboverde.com\/?s={search_term_string}"},"query-input":{"@type":"PropertyValueSpecification","valueRequired":true,"valueName":"search_term_string"}}],"inLanguage":"en-US"}]}},"_links":{"self":[{"href":"https:\/\/www.villa-halcyon-caboverde.com\/en\/wp-json\/wp\/v2\/pages\/774","targetHints":{"allow":["GET"]}}],"collection":[{"href":"https:\/\/www.villa-halcyon-caboverde.com\/en\/wp-json\/wp\/v2\/pages"}],"about":[{"href":"https:\/\/www.villa-halcyon-caboverde.com\/en\/wp-json\/wp\/v2\/types\/page"}],"author":[{"embeddable":true,"href":"https:\/\/www.villa-halcyon-caboverde.com\/en\/wp-json\/wp\/v2\/users\/2"}],"replies":[{"embeddable":true,"href":"https:\/\/www.villa-halcyon-caboverde.com\/en\/wp-json\/wp\/v2\/comments?post=774"}],"version-history":[{"count":12,"href":"https:\/\/www.villa-halcyon-caboverde.com\/en\/wp-json\/wp\/v2\/pages\/774\/revisions"}],"predecessor-version":[{"id":5130,"href":"https:\/\/www.villa-halcyon-caboverde.com\/en\/wp-json\/wp\/v2\/pages\/774\/revisions\/5130"}],"wp:featuredmedia":[{"embeddable":true,"href":"https:\/\/www.villa-halcyon-caboverde.com\/en\/wp-json\/wp\/v2\/media\/851"}],"wp:attachment":[{"href":"https:\/\/www.villa-halcyon-caboverde.com\/en\/wp-json\/wp\/v2\/media?parent=774"}],"curies":[{"name":"wp","href":"https:\/\/api.w.org\/{rel}","templated":true}]}}